{"id":1138,"date":"2018-10-24T14:40:42","date_gmt":"2018-10-24T12:40:42","guid":{"rendered":"http:\/\/www.schieslaw.at\/web\/?page_id=1138"},"modified":"2023-04-03T14:24:13","modified_gmt":"2023-04-03T12:24:13","slug":"vollmacht-honorar-widerrufsrecht","status":"publish","type":"page","link":"https:\/\/www.schieslaw.at\/web\/kontakt\/vollmacht-honorar-widerrufsrecht\/","title":{"rendered":"Vollmacht und Honorar, Widerrufsrecht"},"content":{"rendered":"<h3><strong>Honorarvereinbarung<\/strong><\/h3>\n<p>Der Honoraranspruch des Rechtsanwaltes ergibt sich aus der zwischen ihm und seinem Auftraggeber (Mandanten) getroffenen <u>Honorarvereinbarung<\/u>, welche in meinem Vollmachtsformular enthalten ist. Diese Vollmacht stellt eine Generalvollmacht dar, die allerdings nur im Umfang des tats\u00e4chlich erteilten Auftrags (Mandat) verwendet werden darf.<\/p>\n\n<h3><strong>Das \u00f6sterreichische Rechtsanwaltstarifgesetz (RATG)<\/strong><\/h3>\n<p>Besteht zwischen Rechtsanwalt und Mandant keine Vereinbarung \u00fcber die Honorarabrechnung, gelangen die gesetzlichen Bestimmungen des <u>RATG<\/u> zur Anwendung.<\/p>\n\n<h3><strong>Die allgemeinen Honorar-Kriterien (AHK)<\/strong><\/h3>\n<p>Sollte das RATG nicht zur Anwendung gelangen, geb\u00fchrt dem Rechtsanwalt ein <u>angemessenes Honorar<\/u> nach den AHK. Diese werden f\u00fcr die Beurteilung \u00fcber die Angemessenheit des rechtsanwaltlichen Honorars herangezogen<\/p>\n\n<h3><strong>Stundensatz \/ Pauschalhonorar \/ Erfolgszuschlag<\/strong><\/h3>\n<h4><u>Stundensatz<\/u><\/h4>\n<p>Sofern ich mit Ihnen eine Abrechnung nach Zeit (Stundensatz) vereinbart habe, wird \u2013 abh\u00e4ngig von der Komplexit\u00e4t der Causa \u2013 die H\u00f6he des Stundensatzes mit Ihnen vereinbart. Die kleinste verrechenbare Zeiteinheit betr\u00e4gt dabei 5 Minuten. Bei Obsiegen in einem Gerichtsverfahren erhalten Sie die Rechtsanwaltskosten auf Basis des <span style=\"text-decoration: underline;\">RATG<\/span> ersetzt.<\/p>\n\n<h4><u>Pauschalhonorar<\/u><\/h4>\n<p>Bei dieser Art der Honorarabrechnung nenne ich Ihnen ein fixes Honorar f\u00fcr meine zu erbringenden Leistungen, etwa f\u00fcr die Erstellung von Mietvertr\u00e4gen, Gesellschaftsvertr\u00e4gen oder Kaufvertragsabwicklungen. Barauslagen (dazu weiter unten) werden gesondert verrechnet.<\/p>\n\n<h4><u>Erfolgshonorar<\/u><\/h4>\n<p>Dieses gilt grunds\u00e4tzlich zum sonstigen Honorar als vereinbart, etwa f\u00fcr den Fall eines Freispruchs oder Verfahrenseinstellung in Strafsachen.<\/p>\n\n<h3><strong>Umsatzsteuer (UST)<\/strong><\/h3>\n<p>Alle Honorarangaben verstehen sich als Nettobetr\u00e4ge. Zum Nettohonorar ist die gesetzliche Umsatzsteuer (derzeit 20%) hinzuzurechnen. Bei ausl\u00e4ndischen Mandanten gelten besondere Bestimmungen, die gesondert vereinbart werden.<\/p>\n\n<h3><strong>Geb\u00fchren, Kopien, Sonstige Barauslagen<\/strong><\/h3>\n<p>Mit einem Gerichts- oder Verwaltungsverfahren ist die Entrichtung gesetzlicher Gerichts- und Verwaltungsgeb\u00fchren verbunden. Diese Aufwendungen sind nicht im Honorar enthalten, sondern werden als sogenannte \u201eBarauslagen\u201c diesem hinzugerechnet. Bei gewissen Barauslagen ist die gesetzliche Umsatzsteuer noch hinzuzurechnen. Ebenso werden Porti und Kopien, sowie Fahrt- und \u00dcbernachtungsspesen bei ausw\u00e4rtigen Terminen gesondert nach Aufwand verrechnet.<\/p>\n\n<h3><strong>Evidenzhaltung von Akte<\/strong><\/h3>\n<p>Sollten Sie die Evidenzhaltung Ihrer Angelegenheit w\u00fcnschen, weil etwa Ihre Anspr\u00fcche zu einem sp\u00e4teren Zeitpunkt gestellt werden sollen oder Sie erst sp\u00e4ter mit Anspr\u00fcchen konfrontiert werden k\u00f6nnten, so stellt dies eine rechtsanwaltliche Leistung dar, welche einen Honoraranspruch begr\u00fcndet.<\/p>\n\n<h3><strong>Rechtschutzversicherung<\/strong><\/h3>\n<p>Ich bin Vertragsanwalt zahlreicher Rechtschutzversicherungen. Wenn Sie \u00fcber eine Rechtschutzversicherung verf\u00fcgen, besteht die M\u00f6glichkeit, dass diese meine Kosten, allf\u00e4llige Gerichtskosten etc. und die Kosten Ihres Gegners \u00fcbernimmt.<\/p>\n<p>In welchen Rechtsangelegenheiten und in welchem Umfang dies erfolgt, richtet sich nach Ihrem jeweiligen Rechtschutzversicherungsvertrag. Bitte beachten Sie, dass es bei vielen Rechtschutzversicherungen einen sogenannten Selbstbehalt gibt. Ebenso gibt es sogenannte Nettovertr\u00e4ge, sodass Ihrerseits die von mir ausgewiesene Umsatzsteuer zu begleichen ist. Weiters ist die Versicherungssumme zu beachten, die die H\u00f6chstleistung der Versicherung begrenzt. Besonders bei hohen Streitwerten kann es rasch zu einer Aussch\u00f6pfung der Versicherungssumme kommen. Es k\u00f6nnte daher der Fall eintreten, dass Sie bei einem Prozessverlust den Differenzbetrag zwischen Kostenersatz seitens der Versicherung und meinem tats\u00e4chlichen Honorar aus Eigenem zu tragen haben. Gerne berate ich Sie jedoch im Vorfeld hierzu.<\/p>\n\n<h3><strong>Verfahrenshilfe<\/strong><\/h3>\n<p>Sollten Sie nicht \u00fcber ausreichendes Verm\u00f6gen verf\u00fcgen, um sich in einem Verfahren von einem Rechtsanwalt vertreten zu lassen, besteht die M\u00f6glichkeit bei Gericht einen <u>Antrag auf Verfahrenshilfe<\/u> zu stellen. Genauere Informationen erhalten Sie bei dem Bezirksgericht Ihres Wohnsitzes.<\/p>\n\n<h3><strong>Widerrufsrecht f\u00fcr Verbraucher bei Fernabsatzgesch\u00e4ften<\/strong><\/h3>\n<p>Sie haben das Recht, binnen 14 Tagen ohne Angaben von Gr\u00fcnden den Mandatsvertrag zu widerrufen, sofern dieser \u00fcber das Internet, Telefon, Telefax oder Haust\u00fcrgesch\u00e4ft zu Stande gekommen ist. Die Widerrufsfrist l\u00e4uft ab dem Tag des Vertragsabschlusses.<\/p>\n<p>Um Ihr Widerrufsrecht auszu\u00fcben, ersuche ich Sie eine eindeutige Erkl\u00e4rung (zum Beispiel ein mit der Post versandter Brief, Telefax oder Email) \u00fcber Ihren Entschluss, den Mandatsvertrag zu widerrufen, an mich zu richten:<\/p>\n<p style=\"text-align: center;\"><strong>Rechtsanwaltskanzlei<\/strong>\n<strong>Dr. Daniela C. SCHIESL-M\u00dcLLER<\/strong>\n<strong>Schubertstra\u00dfe 4\/1, 2100 Korneuburg<\/strong><\/p>\n<p>Zur Wahrung der Widerrufsfrist ist es ausreichend, dass Sie die Mitteilung \u00fcber die Aus\u00fcbung des Widerrufsrechts <u>vor Ablauf der Widerrufsfrist absenden<\/u>.<\/p>\n<p>Gerne kann ich vor Ablauf der Widerrufsfrist f\u00fcr Sie t\u00e4tig werden, diesfalls ist jedoch Ihrerseits ein Verzicht auf das Widerrufsrecht von N\u00f6ten.<\/p>\n<p>Wenn Sie mir eine unterfertigte Vollmacht oder Unterlagen zur Bearbeitung \u00fcbermitteln, ich Sie auf Ihr Widerrufsrecht hingewiesen habe und Sie mich dennoch zur sofortigen Bearbeitung Ihrer Causa auffordern, gilt dies als Verzicht auf Ihr Widerrufsrecht.<\/p>\n\n<h3><strong>Folgen des Widerrufs<\/strong><\/h3>\n<p>Wenn Sie den Mandatsvertrag innerhalb der Frist widerrufen, habe ich Ihnen allenfalls bereits erlegte Akontozahlungen abzugsfrei sowie unverz\u00fcglich, sp\u00e4testens jedoch binnen 14 Tagen ab dem Tag, an dem die Mitteilung \u00fcber Ihren Widerruf des Mandatsvertrages in meiner Kanzlei eingegangen ist, zur\u00fcckzuzahlen. Haben Sie verlangt, dass ich mit meinen rechtsanwaltlichen Leistungen w\u00e4hrend der Widerrufsfrist beginnen soll, jedoch nicht auf den Widerruf verzichtet, so ist f\u00fcr diesen Aufwand ein angemessenes Honorar Ihrerseits zu zahlen.<\/p>\n<p>Wenn Sie den nach dem Fern- und Ausw\u00e4rtsgesch\u00e4ftegesetzt (FAGG) zustande gekommenen Mandatsvertrag widerrufen wollen, dann richten Sie bitte sinngem\u00e4\u00df nachstehende Mitteilung an mich.<\/p>\n<p><\/p>\n\n<h3><strong>Muster &#8211; Widerrufsformular<\/strong><\/h3>\n<p>An die\nRechtsanwaltskanzlei<\/p>\n<p>Dr. Daniela C. SCHIESL-M\u00dcLLER<\/p>\n<p>Schubertstra\u00dfe 4\/1\n2100 Korneuburg<\/p>\n<p>per email: <a href=\"mailto:office@schieslaw.at\">office@schieslaw.at<\/a><\/p>\n<p><\/p>\n<p>Hiermit widerrufe(n) ich\/wir (NAME _________________) den von mir\/uns abgeschlossenen Mandatsvertrag \u00fcber die Erbringung folgender rechtsanwaltlicher Leistungen:<\/p>\n<p>\u2026\u2026\u2026\u2026\u2026\u2026\u2026\u2026\u2026\u2026\u2026\u2026\u2026\u2026\u2026\u2026\u2026\u2026\u2026.<\/p>\n<p>Beauftragung erfolgte am \u2026\u2026\u2026\u2026\u2026\u2026\u2026\u2026\u2026\u2026 via \u2026\u2026\u2026\u2026\u2026\u2026\u2026\u2026\u2026 (Email\/Telefax\/Internet).<\/p>\n<p>Name des\/der Verbraucher(s):<\/p>\n<p>Anschrift des\/der Verbraucher(s):<\/p>\n<p>Unterschrift des\/der Verbraucher(s) (nur bei Mitteilung auf Papier):<\/p>\n<p>Ort\/Datum<\/p>\n<p><strong>&#8211; Ende der Widerrufsbelehrung &#8211;\n<\/strong><\/p>","protected":false},"excerpt":{"rendered":"<p>Honorarvereinbarung Der Honoraranspruch des Rechtsanwaltes ergibt sich aus der zwischen ihm und seinem Auftraggeber (Mandanten) getroffenen Honorarvereinbarung, welche in meinem Vollmachtsformular enthalten ist. Diese Vollmacht stellt eine Generalvollmacht dar, die allerdings nur im Umfang des tats\u00e4chlich erteilten Auftrags (Mandat) verwendet werden darf. Das \u00f6sterreichische Rechtsanwaltstarifgesetz (RATG) Besteht zwischen Rechtsanwalt und Mandant keine Vereinbarung \u00fcber die [&hellip;]<\/p>\n","protected":false},"author":4,"featured_media":0,"parent":118,"menu_order":0,"comment_status":"closed","ping_status":"closed","template":"","meta":{"footnotes":""},"class_list":["post-1138","page","type-page","status-publish","hentry"],"_links":{"self":[{"href":"https:\/\/www.schieslaw.at\/web\/wp-json\/wp\/v2\/pages\/1138","targetHints":{"allow":["GET"]}}],"collection":[{"href":"https:\/\/www.schieslaw.at\/web\/wp-json\/wp\/v2\/pages"}],"about":[{"href":"https:\/\/www.schieslaw.at\/web\/wp-json\/wp\/v2\/types\/page"}],"author":[{"embeddable":true,"href":"https:\/\/www.schieslaw.at\/web\/wp-json\/wp\/v2\/users\/4"}],"replies":[{"embeddable":true,"href":"https:\/\/www.schieslaw.at\/web\/wp-json\/wp\/v2\/comments?post=1138"}],"version-history":[{"count":16,"href":"https:\/\/www.schieslaw.at\/web\/wp-json\/wp\/v2\/pages\/1138\/revisions"}],"predecessor-version":[{"id":1901,"href":"https:\/\/www.schieslaw.at\/web\/wp-json\/wp\/v2\/pages\/1138\/revisions\/1901"}],"up":[{"embeddable":true,"href":"https:\/\/www.schieslaw.at\/web\/wp-json\/wp\/v2\/pages\/118"}],"wp:attachment":[{"href":"https:\/\/www.schieslaw.at\/web\/wp-json\/wp\/v2\/media?parent=1138"}],"curies":[{"name":"wp","href":"https:\/\/api.w.org\/{rel}","templated":true}]}}