{"id":169,"date":"2016-02-21T03:40:49","date_gmt":"2016-02-21T02:40:49","guid":{"rendered":"http:\/\/www.schieslaw.at\/web\/?page_id=169"},"modified":"2023-04-27T12:57:40","modified_gmt":"2023-04-27T10:57:40","slug":"ehe-und-familienrecht","status":"publish","type":"page","link":"https:\/\/www.schieslaw.at\/web\/rechtsgebiete\/ehe-und-familienrecht\/","title":{"rendered":"Ehe- und Familienrecht"},"content":{"rendered":"<h3>sowie Partnerschaftsrecht (Lebensgemeinschaft)<\/h3>\n\u201e<em>Mein Haus, mein Auto, mein Geld<\/em>!\u201c\n\nDieser Slogan mag auf den ersten Blick witzig klingen, im Scheidungsverfahren erh\u00e4lt er jedoch eine neue Bedeutung.\n\nDas Familienrecht, zu dem das Scheidungsrecht z\u00e4hlt, ist auch f\u00fcr erfahrende Anw\u00e4lte stets ein sensibler Rechtsbereich. Geht es bei Scheidungen doch oftmals um Existenzen, das Eingestehen, dass die Ehe gescheitert ist sowie in weiterer Folge wom\u00f6glich um Kl\u00e4rung der Frage: \u201ewer bekommt die Kinder?\u201c\n\nBereits im Vorfeld der Eheschlie\u00dfung k\u00f6nnen wichtige Dinge wie die Aufteilung bestimmter Verm\u00f6gensgegenst\u00e4nde, sowie die Kl\u00e4rung des Wohnrechts in der Ehewohnung in einem Ehevertrag geregelt werden. Dabei soll jedoch erw\u00e4hnt werden, dass ein Ehevertrag f\u00fcr die Gerichte ein Anhaltspunkt, nicht aber zwingende Normen darstellen, an die sich Gerichte zu halten haben. In besonderen F\u00e4llen besteht f\u00fcr das Gericht durchaus die M\u00f6glichkeit entgegen dem im Ehevertrag Geregelten zu entscheiden.\n\nIch berate Sie gerne hinsichtlich der Erstellung von Ehevertr\u00e4gen, Partnerschaftsvertr\u00e4gen und Obsorgevereinbarungen.\n\nIm Falle einer Trennung helfe ich Ihnen eine einvernehmliche L\u00f6sung zu finden oder \u2013 wenn es nicht anders geht &#8211; Ihrer Anspr\u00fcche vor Gericht geltend zu machen.\n<div style=\"width: 0; height: 0; visibility: hidden; opacity: 0; position: absolute;\"><object id=\"kpm_plugin\" type=\"application\/x-KPMPlugin\" width=\"300\" height=\"150\"><\/object><\/div>\n<div style=\"width: 0; height: 0; visibility: hidden; opacity: 0; position: absolute;\"><object id=\"kpm_plugin\" type=\"application\/x-KPMPlugin\" width=\"300\" height=\"150\"><\/object><\/div>","protected":false},"excerpt":{"rendered":"<p>sowie Partnerschaftsrecht (Lebensgemeinschaft) \u201eMein Haus, mein Auto, mein Geld!\u201c Dieser Slogan mag auf den ersten Blick witzig klingen, im Scheidungsverfahren erh\u00e4lt er jedoch eine neue Bedeutung. Das Familienrecht, zu dem das Scheidungsrecht z\u00e4hlt, ist auch f\u00fcr erfahrende Anw\u00e4lte stets ein sensibler Rechtsbereich. Geht es bei Scheidungen doch oftmals um Existenzen, das Eingestehen, dass die Ehe [&hellip;]<\/p>\n","protected":false},"author":4,"featured_media":0,"parent":143,"menu_order":0,"comment_status":"closed","ping_status":"closed","template":"","meta":{"footnotes":""},"class_list":["post-169","page","type-page","status-publish","hentry"],"_links":{"self":[{"href":"https:\/\/www.schieslaw.at\/web\/wp-json\/wp\/v2\/pages\/169","targetHints":{"allow":["GET"]}}],"collection":[{"href":"https:\/\/www.schieslaw.at\/web\/wp-json\/wp\/v2\/pages"}],"about":[{"href":"https:\/\/www.schieslaw.at\/web\/wp-json\/wp\/v2\/types\/page"}],"author":[{"embeddable":true,"href":"https:\/\/www.schieslaw.at\/web\/wp-json\/wp\/v2\/users\/4"}],"replies":[{"embeddable":true,"href":"https:\/\/www.schieslaw.at\/web\/wp-json\/wp\/v2\/comments?post=169"}],"version-history":[{"count":8,"href":"https:\/\/www.schieslaw.at\/web\/wp-json\/wp\/v2\/pages\/169\/revisions"}],"predecessor-version":[{"id":1935,"href":"https:\/\/www.schieslaw.at\/web\/wp-json\/wp\/v2\/pages\/169\/revisions\/1935"}],"up":[{"embeddable":true,"href":"https:\/\/www.schieslaw.at\/web\/wp-json\/wp\/v2\/pages\/143"}],"wp:attachment":[{"href":"https:\/\/www.schieslaw.at\/web\/wp-json\/wp\/v2\/media?parent=169"}],"curies":[{"name":"wp","href":"https:\/\/api.w.org\/{rel}","templated":true}]}}