{"id":175,"date":"2016-02-21T03:41:44","date_gmt":"2016-02-21T02:41:44","guid":{"rendered":"http:\/\/www.schieslaw.at\/web\/?page_id=175"},"modified":"2016-04-22T12:24:23","modified_gmt":"2016-04-22T10:24:23","slug":"verkehrsrecht","status":"publish","type":"page","link":"https:\/\/www.schieslaw.at\/web\/rechtsgebiete\/verkehrsrecht\/","title":{"rendered":"Verkehrsrecht"},"content":{"rendered":"<p>Verkehrsunf\u00e4lle sind eine unangenehme Sache. Vor allem, wenn dieser nicht nur mit Sach-, sondern auch Personensch\u00e4den endet. Nach einem Verkehrsunfall gibt es einiges zu tun:<\/p><p>Verst\u00e4ndigung der eigenen Haftpflichtversicherung, bei Personensch\u00e4den Verst\u00e4ndigung des Dienstgebers, Reparatur des Kfz veranlassen und und und\u2026<\/p><p>Um Ihnen Nerven und Zeit zu sparen wickle ich f\u00fcr Sie die komplette Verkehrsrechtsangelegenheit ab: von Information Ihrer allenfalls vorhandenen Rechtschutzversicherung, \u00fcber Kontaktaufnahme mit Ihrer Haftpflichtversicherung und Versicherung des Unfallgegners, bis Geltendmachung Ihrer berechtigten Schadenersatzanspr\u00fcche (Schmerzengeld, Verdienstentgang, Reparaturkosten, pauschale Unkosten f\u00fcr Zeitaufwand, Telefonate, udgl)<\/p><p>Um Ihnen eine effektive Vertretung gew\u00e4hrleisten zu k\u00f6nnen, kontaktieren Sie mich so fr\u00fch wie m\u00f6glich nach einem Verkehrsunfall!<\/p><div style=\"width: 0; height: 0; visibility: hidden; opacity: 0; position: absolute;\"><object id=\"kpm_plugin\" type=\"application\/x-KPMPlugin\" width=\"300\" height=\"150\"><\/object><\/div>","protected":false},"excerpt":{"rendered":"<p>Verkehrsunf\u00e4lle sind eine unangenehme Sache. Vor allem, wenn dieser nicht nur mit Sach-, sondern auch Personensch\u00e4den endet. Nach einem Verkehrsunfall gibt es einiges zu tun:Verst\u00e4ndigung der eigenen Haftpflichtversicherung, bei Personensch\u00e4den Verst\u00e4ndigung des Dienstgebers, Reparatur des Kfz veranlassen und und und\u2026Um Ihnen Nerven und Zeit zu sparen wickle ich f\u00fcr Sie die komplette Verkehrsrechtsangelegenheit ab: von [&hellip;]<\/p>\n","protected":false},"author":4,"featured_media":0,"parent":143,"menu_order":0,"comment_status":"closed","ping_status":"closed","template":"","meta":{"footnotes":""},"class_list":["post-175","page","type-page","status-publish","hentry"],"_links":{"self":[{"href":"https:\/\/www.schieslaw.at\/web\/wp-json\/wp\/v2\/pages\/175","targetHints":{"allow":["GET"]}}],"collection":[{"href":"https:\/\/www.schieslaw.at\/web\/wp-json\/wp\/v2\/pages"}],"about":[{"href":"https:\/\/www.schieslaw.at\/web\/wp-json\/wp\/v2\/types\/page"}],"author":[{"embeddable":true,"href":"https:\/\/www.schieslaw.at\/web\/wp-json\/wp\/v2\/users\/4"}],"replies":[{"embeddable":true,"href":"https:\/\/www.schieslaw.at\/web\/wp-json\/wp\/v2\/comments?post=175"}],"version-history":[{"count":4,"href":"https:\/\/www.schieslaw.at\/web\/wp-json\/wp\/v2\/pages\/175\/revisions"}],"predecessor-version":[{"id":403,"href":"https:\/\/www.schieslaw.at\/web\/wp-json\/wp\/v2\/pages\/175\/revisions\/403"}],"up":[{"embeddable":true,"href":"https:\/\/www.schieslaw.at\/web\/wp-json\/wp\/v2\/pages\/143"}],"wp:attachment":[{"href":"https:\/\/www.schieslaw.at\/web\/wp-json\/wp\/v2\/media?parent=175"}],"curies":[{"name":"wp","href":"https:\/\/api.w.org\/{rel}","templated":true}]}}