{"id":392,"date":"2016-04-19T23:21:30","date_gmt":"2016-04-19T21:21:30","guid":{"rendered":"http:\/\/www.schieslaw.at\/web\/?page_id=392"},"modified":"2017-04-24T20:19:52","modified_gmt":"2017-04-24T18:19:52","slug":"schadenersatz","status":"publish","type":"page","link":"https:\/\/www.schieslaw.at\/web\/rechtsgebiete\/schadenersatz\/","title":{"rendered":"Schadenersatz"},"content":{"rendered":"<p>Das Schadenersatzrecht umfasst die Geltendmachung und Durchsetzung von Anspr\u00fcchen, die Ihnen jemand aufgrund eines sch\u00e4digenden Ereignisses zuf\u00fcgt. Dies k\u00f6nnen beispielsweise ein Vertragsbruch, ein Verkehrsunfall und eine daraus resultierende K\u00f6rperverletzungen sein. Droht Ihnen durch das Verhalten eines anderen ein Schaden, so sind Sie nicht schutzlos: es stehen Ihnen Unterlassungsanspr\u00fcche gegen alle zu, die Sie rechtswidrig gef\u00e4hrden.<\/p>\r\n<p>Im Zuge der Abwicklung der Schadenersatzf\u00e4lle sehe ich es als meine Aufgabe, f\u00fcr Sie die Korrespondenz mit diversen Versicherungen und\/oder Krankenanstalten zu \u00fcbernehmen.<\/p>\r\n<p>Ich unterst\u00fctze Sie daher sowohl bei der Durchsetzung Ihrer Schadenersatzanspr\u00fcche vor Gericht, als auch bei der Abwehr ungerechtfertigter Forderungen.<\/p>\r\n<p>Erteilen Sie mir alle Informationen und danach arbeite ich nach dem Motto \u201elassen Sie mich nur machen!\u201c<\/p>","protected":false},"excerpt":{"rendered":"<p>Das Schadenersatzrecht umfasst die Geltendmachung und Durchsetzung von Anspr\u00fcchen, die Ihnen jemand aufgrund eines sch\u00e4digenden Ereignisses zuf\u00fcgt. Dies k\u00f6nnen beispielsweise ein Vertragsbruch, ein Verkehrsunfall und eine daraus resultierende K\u00f6rperverletzungen sein. Droht Ihnen durch das Verhalten eines anderen ein Schaden, so sind Sie nicht schutzlos: es stehen Ihnen Unterlassungsanspr\u00fcche gegen alle zu, die Sie rechtswidrig gef\u00e4hrden. [&hellip;]<\/p>\n","protected":false},"author":4,"featured_media":0,"parent":143,"menu_order":0,"comment_status":"closed","ping_status":"closed","template":"","meta":{"footnotes":""},"class_list":["post-392","page","type-page","status-publish","hentry"],"_links":{"self":[{"href":"https:\/\/www.schieslaw.at\/web\/wp-json\/wp\/v2\/pages\/392","targetHints":{"allow":["GET"]}}],"collection":[{"href":"https:\/\/www.schieslaw.at\/web\/wp-json\/wp\/v2\/pages"}],"about":[{"href":"https:\/\/www.schieslaw.at\/web\/wp-json\/wp\/v2\/types\/page"}],"author":[{"embeddable":true,"href":"https:\/\/www.schieslaw.at\/web\/wp-json\/wp\/v2\/users\/4"}],"replies":[{"embeddable":true,"href":"https:\/\/www.schieslaw.at\/web\/wp-json\/wp\/v2\/comments?post=392"}],"version-history":[{"count":3,"href":"https:\/\/www.schieslaw.at\/web\/wp-json\/wp\/v2\/pages\/392\/revisions"}],"predecessor-version":[{"id":555,"href":"https:\/\/www.schieslaw.at\/web\/wp-json\/wp\/v2\/pages\/392\/revisions\/555"}],"up":[{"embeddable":true,"href":"https:\/\/www.schieslaw.at\/web\/wp-json\/wp\/v2\/pages\/143"}],"wp:attachment":[{"href":"https:\/\/www.schieslaw.at\/web\/wp-json\/wp\/v2\/media?parent=392"}],"curies":[{"name":"wp","href":"https:\/\/api.w.org\/{rel}","templated":true}]}}