{"id":444,"date":"2016-11-26T06:31:25","date_gmt":"2016-11-26T05:31:25","guid":{"rendered":"http:\/\/www.schieslaw.at\/web\/?page_id=444"},"modified":"2026-04-02T10:59:06","modified_gmt":"2026-04-02T08:59:06","slug":"termine-wuerflach","status":"publish","type":"page","link":"https:\/\/www.schieslaw.at\/web\/aktuelles\/termine-wuerflach\/","title":{"rendered":"Termine W\u00fcrflach"},"content":{"rendered":"<h3>RECHTSBERATUNG GEMEINDEAMT W\u00dcRFLACH<\/h3>\n<p>Ich stehe Ihnen in regelm\u00e4\u00dfigen Abst\u00e4nden f\u00fcr eine kostenlose Rechtsberatung im Sitzungssaal des Gemeindeamtes W\u00fcrflach zur Verf\u00fcgung. Gemeinsam besprechen wir Ihre rechtlichen Anliegen und legen eine allf\u00e4llige weitere Vorgehensweise fest. Eine Anmeldung ist nicht erforderlich. Sollten Sie \u00fcber eine Rechtschutzversicherung verf\u00fcgen, bitte ich bei notwendiger Abkl\u00e4rung einer Rechtschutzdeckung um Mitnahme der Polizzen-Nummer zum Gespr\u00e4ch.<\/p>\n<p>N\u00e4chster Termin:<\/p>\n<ul>\n<li>Samstag, Mai 2026: der exakte Termin folgt noch!<\/li>\n<li>weitere Termine folgen oder finden Sie unter www.wuerflach.at unter dem Men\u00fcpunkt &#8222;Gemeindemitteilung&#8220;<\/li>\n<\/ul>\n<p>Ich freue mich auf Ihr Kommen!<\/p>\n<div style=\"width: 0; height: 0; visibility: hidden; opacity: 0; position: absolute;\"><object id=\"kpm_plugin\" type=\"application\/x-KPMPlugin\" width=\"300\" height=\"150\"><\/object><\/div>\n\n","protected":false},"excerpt":{"rendered":"<p>RECHTSBERATUNG GEMEINDEAMT W\u00dcRFLACH Ich stehe Ihnen in regelm\u00e4\u00dfigen Abst\u00e4nden f\u00fcr eine kostenlose Rechtsberatung im Sitzungssaal des Gemeindeamtes W\u00fcrflach zur Verf\u00fcgung. Gemeinsam besprechen wir Ihre rechtlichen Anliegen und legen eine allf\u00e4llige weitere Vorgehensweise fest. Eine Anmeldung ist nicht erforderlich. Sollten Sie \u00fcber eine Rechtschutzversicherung verf\u00fcgen, bitte ich bei notwendiger Abkl\u00e4rung einer Rechtschutzdeckung um Mitnahme der Polizzen-Nummer [&hellip;]<\/p>\n","protected":false},"author":4,"featured_media":0,"parent":236,"menu_order":0,"comment_status":"closed","ping_status":"closed","template":"","meta":{"footnotes":""},"class_list":["post-444","page","type-page","status-publish","hentry"],"_links":{"self":[{"href":"https:\/\/www.schieslaw.at\/web\/wp-json\/wp\/v2\/pages\/444","targetHints":{"allow":["GET"]}}],"collection":[{"href":"https:\/\/www.schieslaw.at\/web\/wp-json\/wp\/v2\/pages"}],"about":[{"href":"https:\/\/www.schieslaw.at\/web\/wp-json\/wp\/v2\/types\/page"}],"author":[{"embeddable":true,"href":"https:\/\/www.schieslaw.at\/web\/wp-json\/wp\/v2\/users\/4"}],"replies":[{"embeddable":true,"href":"https:\/\/www.schieslaw.at\/web\/wp-json\/wp\/v2\/comments?post=444"}],"version-history":[{"count":36,"href":"https:\/\/www.schieslaw.at\/web\/wp-json\/wp\/v2\/pages\/444\/revisions"}],"predecessor-version":[{"id":2290,"href":"https:\/\/www.schieslaw.at\/web\/wp-json\/wp\/v2\/pages\/444\/revisions\/2290"}],"up":[{"embeddable":true,"href":"https:\/\/www.schieslaw.at\/web\/wp-json\/wp\/v2\/pages\/236"}],"wp:attachment":[{"href":"https:\/\/www.schieslaw.at\/web\/wp-json\/wp\/v2\/media?parent=444"}],"curies":[{"name":"wp","href":"https:\/\/api.w.org\/{rel}","templated":true}]}}